{"id":4456,"date":"2018-07-15T10:35:26","date_gmt":"2018-07-15T08:35:26","guid":{"rendered":"https:\/\/www.collabim.cz\/akademie\/?page_id=4456"},"modified":"2018-07-15T11:22:23","modified_gmt":"2018-07-15T09:22:23","slug":"zmeny-ve-vyhledavacich","status":"publish","type":"page","link":"https:\/\/www.collabim.cz\/akademie\/zmeny-ve-vyhledavacich\/","title":{"rendered":"Zm\u011bny ve vyhled\u00e1va\u010d\u00edch"},"content":{"rendered":"<p>Ka\u017ed\u00fd t\u00fdden pro v\u00e1s sledujeme zm\u011bny ve vyhled\u00e1va\u010d\u00edch a pokud se jedn\u00e1 o zm\u011bnu podstatnou, kter\u00e1 m\u00e1 vliv na va\u0161e v\u00fdsledky ve vyhled\u00e1va\u010d\u00edch, dopln\u00edme ji do t\u00e9to tabulky a tak\u00e9 je m\u016f\u017eete naj\u00edt v grafech ve va\u0161em Collabimu. M\u00e1te tak v\u017edy p\u0159ehled, \u017ee se stalo n\u011bco podstatn\u00e9ho. Zaj\u00edmaj-li v\u00e1s stastiky zm\u011bn p\u0159\u00edmo z na\u0161eho n\u00e1stroje, najdete je v\u017edy na <a href=\"https:\/\/www.collabim.cz\/statistiky.html\" target=\"_blank\" rel=\"noopener\">collabim.cz\/statistiky<\/a>.<\/p>\n<p><iframe loading=\"lazy\" src=\"https:\/\/docs.google.com\/spreadsheets\/d\/e\/2PACX-1vQwHYxvjazaKd5YiUhVCA_lNrQhhAxcDcX29TTCeyITJ5xFlTj-d4TtH2WJjyPYVqkqhuxSqEn6S1L-\/pubhtml?gid=0&amp;single=true&amp;widget=true&amp;headers=false\" width=\"1080\" height=\"600\"><\/iframe><\/p>\n","protected":false},"excerpt":{"rendered":"<p>Ka\u017ed\u00fd t\u00fdden pro v\u00e1s sledujeme zm\u011bny ve vyhled\u00e1va\u010d\u00edch a pokud se jedn\u00e1 o zm\u011bnu podstatnou, kter\u00e1 m\u00e1 vliv na va\u0161e v\u00fdsledky ve vyhled\u00e1va\u010d\u00edch, dopln\u00edme ji do t\u00e9to tabulky a tak\u00e9 je m\u016f\u017eete naj\u00edt v grafech ve va\u0161em Collabimu. M\u00e1te tak v\u017edy p\u0159ehled, \u017ee se stalo n\u011bco podstatn\u00e9ho. Zaj\u00edmaj-li v\u00e1s stastiky zm\u011bn p\u0159\u00edmo z na\u0161eho n\u00e1stroje,&#8230; <a class=\"understrap-read-more-link\" href=\"https:\/\/www.collabim.cz\/akademie\/zmeny-ve-vyhledavacich\/\">Detail&nbsp;\u010dl\u00e1nku&nbsp;&#187;<\/a><\/p>\n","protected":false},"author":6,"featured_media":0,"parent":0,"menu_order":0,"comment_status":"closed","ping_status":"closed","template":"page-templates\/fullwidthpage70.php","meta":[],"acf":[],"yoast_head":"<!-- This site is optimized with the Yoast SEO plugin v16.5 - https:\/\/yoast.com\/wordpress\/plugins\/seo\/ -->\n<title>Zm\u011bny ve vyhled\u00e1va\u010d\u00edch \u21d2 Collabim.cz \u2714\ufe0f<\/title>\n<meta name=\"description\" content=\"Zm\u011bny ve vyhled\u00e1va\u010d\u00edch \u21d2 v\u0161e co pot\u0159ebujete v\u011bd\u011bt \u2714\ufe0f SEO rady \u2714\ufe0f a SEO tipy. Kompletn\u00ed n\u00e1vody od nejpou\u017e\u00edvan\u011bj\u0161\u00edho SEO n\u00e1stroje v \u010cR.\" \/>\n<meta name=\"robots\" content=\"index, follow, max-snippet:-1, max-image-preview:large, max-video-preview:-1\" \/>\n<link rel=\"canonical\" href=\"https:\/\/www.collabim.cz\/akademie\/zmeny-ve-vyhledavacich\/\" \/>\n<meta property=\"og:locale\" content=\"cs_CZ\" \/>\n<meta property=\"og:type\" content=\"article\" \/>\n<meta property=\"og:title\" content=\"Zm\u011bny ve vyhled\u00e1va\u010d\u00edch \u21d2 Collabim.cz \u2714\ufe0f\" \/>\n<meta property=\"og:description\" content=\"Zm\u011bny ve vyhled\u00e1va\u010d\u00edch \u21d2 v\u0161e co pot\u0159ebujete v\u011bd\u011bt \u2714\ufe0f SEO rady \u2714\ufe0f a SEO tipy. Kompletn\u00ed n\u00e1vody od nejpou\u017e\u00edvan\u011bj\u0161\u00edho SEO n\u00e1stroje v \u010cR.\" \/>\n<meta property=\"og:url\" content=\"https:\/\/www.collabim.cz\/akademie\/zmeny-ve-vyhledavacich\/\" \/>\n<meta property=\"og:site_name\" content=\"SEO Akademie Collabim\" \/>\n<meta property=\"article:modified_time\" content=\"2018-07-15T09:22:23+00:00\" \/>\n<meta property=\"og:image\" content=\"https:\/\/www.collabim.cz\/akademie\/wp-content\/uploads\/2018\/10\/social-image.png\" \/>\n\t<meta property=\"og:image:width\" content=\"800\" \/>\n\t<meta property=\"og:image:height\" content=\"450\" \/>\n<meta name=\"twitter:card\" content=\"summary_large_image\" \/>\n<script type=\"application\/ld+json\" class=\"yoast-schema-graph\">{\"@context\":\"https:\/\/schema.org\",\"@graph\":[{\"@type\":\"WebSite\",\"@id\":\"https:\/\/www.collabim.cz\/akademie\/#website\",\"url\":\"https:\/\/www.collabim.cz\/akademie\/\",\"name\":\"SEO Akademie Collabim\",\"description\":\"V\\u0161e, co jste cht\\u011bli o SEO v\\u011bd\\u011bt\",\"potentialAction\":[{\"@type\":\"SearchAction\",\"target\":\"https:\/\/www.collabim.cz\/akademie\/?s={search_term_string}\",\"query-input\":\"required name=search_term_string\"}],\"inLanguage\":\"cs\"},{\"@type\":\"WebPage\",\"@id\":\"https:\/\/www.collabim.cz\/akademie\/zmeny-ve-vyhledavacich\/#webpage\",\"url\":\"https:\/\/www.collabim.cz\/akademie\/zmeny-ve-vyhledavacich\/\",\"name\":\"Zm\\u011bny ve vyhled\\u00e1va\\u010d\\u00edch \\u21d2 Collabim.cz \\u2714\\ufe0f\",\"isPartOf\":{\"@id\":\"https:\/\/www.collabim.cz\/akademie\/#website\"},\"datePublished\":\"2018-07-15T08:35:26+00:00\",\"dateModified\":\"2018-07-15T09:22:23+00:00\",\"description\":\"Zm\\u011bny ve vyhled\\u00e1va\\u010d\\u00edch \\u21d2 v\\u0161e co pot\\u0159ebujete v\\u011bd\\u011bt \\u2714\\ufe0f SEO rady \\u2714\\ufe0f a SEO tipy. Kompletn\\u00ed n\\u00e1vody od nejpou\\u017e\\u00edvan\\u011bj\\u0161\\u00edho SEO n\\u00e1stroje v \\u010cR.\",\"breadcrumb\":{\"@id\":\"https:\/\/www.collabim.cz\/akademie\/zmeny-ve-vyhledavacich\/#breadcrumb\"},\"inLanguage\":\"cs\",\"potentialAction\":[{\"@type\":\"ReadAction\",\"target\":[\"https:\/\/www.collabim.cz\/akademie\/zmeny-ve-vyhledavacich\/\"]}]},{\"@type\":\"BreadcrumbList\",\"@id\":\"https:\/\/www.collabim.cz\/akademie\/zmeny-ve-vyhledavacich\/#breadcrumb\",\"itemListElement\":[{\"@type\":\"ListItem\",\"position\":1,\"name\":\"\\u00davod\",\"item\":\"https:\/\/www.collabim.cz\/akademie\/\"},{\"@type\":\"ListItem\",\"position\":2,\"name\":\"Zm\\u011bny ve vyhled\\u00e1va\\u010d\\u00edch\"}]}]}<\/script>\n<!-- \/ Yoast SEO plugin. -->","_links":{"self":[{"href":"https:\/\/www.collabim.cz\/akademie\/wp-json\/wp\/v2\/pages\/4456"}],"collection":[{"href":"https:\/\/www.collabim.cz\/akademie\/wp-json\/wp\/v2\/pages"}],"about":[{"href":"https:\/\/www.collabim.cz\/akademie\/wp-json\/wp\/v2\/types\/page"}],"author":[{"embeddable":true,"href":"https:\/\/www.collabim.cz\/akademie\/wp-json\/wp\/v2\/users\/6"}],"replies":[{"embeddable":true,"href":"https:\/\/www.collabim.cz\/akademie\/wp-json\/wp\/v2\/comments?post=4456"}],"version-history":[{"count":0,"href":"https:\/\/www.collabim.cz\/akademie\/wp-json\/wp\/v2\/pages\/4456\/revisions"}],"wp:attachment":[{"href":"https:\/\/www.collabim.cz\/akademie\/wp-json\/wp\/v2\/media?parent=4456"}],"curies":[{"name":"wp","href":"https:\/\/api.w.org\/{rel}","templated":true}]}}