{"id":2487,"date":"2017-11-14T12:27:58","date_gmt":"2017-11-14T11:27:58","guid":{"rendered":"https:\/\/www.collabim.cz\/akademie\/?page_id=2487"},"modified":"2017-11-14T12:27:58","modified_gmt":"2017-11-14T11:27:58","slug":"seo-rozcestnik","status":"publish","type":"page","link":"https:\/\/www.collabim.cz\/akademie\/seo-rozcestnik\/","title":{"rendered":"SEO rozcestn\u00edk"},"content":{"rendered":"<h2>Jak za\u010d\u00edt se SEO<\/h2>\n<ol>\n<li>Zjistit co je to SEO.<\/li>\n<\/ol>\n<h2>Co by m\u011bl SEO konzultant v\u011bd\u011bt<\/h2>\n<ol>\n<li>Jak \u0159e\u0161it str\u00e1nkov\u00e1n\u00ed.<\/li>\n<li>Co je to <a href=\"https:\/\/www.collabim.cz\/akademie\/knihovna\/kanonizace-relcanonical\/\" data-internallinksmanager029f6b8e52c=\"114\" title=\"Kanonizace (rel=&quot;canonical&quot;)\">kanonizace<\/a> obsahu a jak s n\u00ed pracovat.<\/li>\n<li>Jak m\u00e1 vypadat kvalitn\u00ed <a href=\"https:\/\/www.collabim.cz\/akademie\/knihovna\/proc-je-sitemapa-uzitecna\/\" data-internallinksmanager029f6b8e52c=\"73\" title=\"Pro\u010d je sitemapa u\u017eite\u010dn\u00e1\">sitemapa<\/a>.<\/li>\n<\/ol>\n<p>&nbsp;<\/p>\n","protected":false},"excerpt":{"rendered":"<p>Jak za\u010d\u00edt se SEO Zjistit co je to SEO. Co by m\u011bl SEO konzultant v\u011bd\u011bt Jak \u0159e\u0161it str\u00e1nkov\u00e1n\u00ed. Co je to kanonizace obsahu a jak s n\u00ed pracovat. Jak m\u00e1 vypadat kvalitn\u00ed sitemapa. &nbsp;&#8230; <a class=\"understrap-read-more-link\" href=\"https:\/\/www.collabim.cz\/akademie\/seo-rozcestnik\/\">Detail&nbsp;\u010dl\u00e1nku&nbsp;&#187;<\/a><\/p>\n","protected":false},"author":7,"featured_media":0,"parent":0,"menu_order":0,"comment_status":"closed","ping_status":"closed","template":"","meta":[],"acf":[],"yoast_head":"<!-- This site is optimized with the Yoast SEO plugin v16.5 - https:\/\/yoast.com\/wordpress\/plugins\/seo\/ -->\n<title>SEO rozcestn\u00edk \u21d2 Collabim.cz \u2714\ufe0f<\/title>\n<meta name=\"description\" content=\"SEO rozcestn\u00edk \u21d2 v\u0161e co pot\u0159ebujete v\u011bd\u011bt \u2714\ufe0f SEO rady \u2714\ufe0f a SEO tipy. Kompletn\u00ed n\u00e1vody od nejpou\u017e\u00edvan\u011bj\u0161\u00edho SEO n\u00e1stroje v \u010cR.\" \/>\n<meta name=\"robots\" content=\"index, follow, max-snippet:-1, max-image-preview:large, max-video-preview:-1\" \/>\n<link rel=\"canonical\" href=\"https:\/\/www.collabim.cz\/akademie\/seo-rozcestnik\/\" \/>\n<meta property=\"og:locale\" content=\"cs_CZ\" \/>\n<meta property=\"og:type\" content=\"article\" \/>\n<meta property=\"og:title\" content=\"SEO rozcestn\u00edk \u21d2 Collabim.cz \u2714\ufe0f\" \/>\n<meta property=\"og:description\" content=\"SEO rozcestn\u00edk \u21d2 v\u0161e co pot\u0159ebujete v\u011bd\u011bt \u2714\ufe0f SEO rady \u2714\ufe0f a SEO tipy. Kompletn\u00ed n\u00e1vody od nejpou\u017e\u00edvan\u011bj\u0161\u00edho SEO n\u00e1stroje v \u010cR.\" \/>\n<meta property=\"og:url\" content=\"https:\/\/www.collabim.cz\/akademie\/seo-rozcestnik\/\" \/>\n<meta property=\"og:site_name\" content=\"SEO Akademie Collabim\" \/>\n<meta property=\"og:image\" content=\"https:\/\/www.collabim.cz\/akademie\/wp-content\/uploads\/2018\/10\/social-image.png\" \/>\n\t<meta property=\"og:image:width\" content=\"800\" \/>\n\t<meta property=\"og:image:height\" content=\"450\" \/>\n<meta name=\"twitter:card\" content=\"summary_large_image\" \/>\n<script type=\"application\/ld+json\" class=\"yoast-schema-graph\">{\"@context\":\"https:\/\/schema.org\",\"@graph\":[{\"@type\":\"WebSite\",\"@id\":\"https:\/\/www.collabim.cz\/akademie\/#website\",\"url\":\"https:\/\/www.collabim.cz\/akademie\/\",\"name\":\"SEO Akademie Collabim\",\"description\":\"V\\u0161e, co jste cht\\u011bli o SEO v\\u011bd\\u011bt\",\"potentialAction\":[{\"@type\":\"SearchAction\",\"target\":\"https:\/\/www.collabim.cz\/akademie\/?s={search_term_string}\",\"query-input\":\"required name=search_term_string\"}],\"inLanguage\":\"cs\"},{\"@type\":\"WebPage\",\"@id\":\"https:\/\/www.collabim.cz\/akademie\/seo-rozcestnik\/#webpage\",\"url\":\"https:\/\/www.collabim.cz\/akademie\/seo-rozcestnik\/\",\"name\":\"SEO rozcestn\\u00edk \\u21d2 Collabim.cz \\u2714\\ufe0f\",\"isPartOf\":{\"@id\":\"https:\/\/www.collabim.cz\/akademie\/#website\"},\"datePublished\":\"2017-11-14T11:27:58+00:00\",\"dateModified\":\"2017-11-14T11:27:58+00:00\",\"description\":\"SEO rozcestn\\u00edk \\u21d2 v\\u0161e co pot\\u0159ebujete v\\u011bd\\u011bt \\u2714\\ufe0f SEO rady \\u2714\\ufe0f a SEO tipy. Kompletn\\u00ed n\\u00e1vody od nejpou\\u017e\\u00edvan\\u011bj\\u0161\\u00edho SEO n\\u00e1stroje v \\u010cR.\",\"breadcrumb\":{\"@id\":\"https:\/\/www.collabim.cz\/akademie\/seo-rozcestnik\/#breadcrumb\"},\"inLanguage\":\"cs\",\"potentialAction\":[{\"@type\":\"ReadAction\",\"target\":[\"https:\/\/www.collabim.cz\/akademie\/seo-rozcestnik\/\"]}]},{\"@type\":\"BreadcrumbList\",\"@id\":\"https:\/\/www.collabim.cz\/akademie\/seo-rozcestnik\/#breadcrumb\",\"itemListElement\":[{\"@type\":\"ListItem\",\"position\":1,\"name\":\"\\u00davod\",\"item\":\"https:\/\/www.collabim.cz\/akademie\/\"},{\"@type\":\"ListItem\",\"position\":2,\"name\":\"SEO rozcestn\\u00edk\"}]}]}<\/script>\n<!-- \/ Yoast SEO plugin. -->","_links":{"self":[{"href":"https:\/\/www.collabim.cz\/akademie\/wp-json\/wp\/v2\/pages\/2487"}],"collection":[{"href":"https:\/\/www.collabim.cz\/akademie\/wp-json\/wp\/v2\/pages"}],"about":[{"href":"https:\/\/www.collabim.cz\/akademie\/wp-json\/wp\/v2\/types\/page"}],"author":[{"embeddable":true,"href":"https:\/\/www.collabim.cz\/akademie\/wp-json\/wp\/v2\/users\/7"}],"replies":[{"embeddable":true,"href":"https:\/\/www.collabim.cz\/akademie\/wp-json\/wp\/v2\/comments?post=2487"}],"version-history":[{"count":0,"href":"https:\/\/www.collabim.cz\/akademie\/wp-json\/wp\/v2\/pages\/2487\/revisions"}],"wp:attachment":[{"href":"https:\/\/www.collabim.cz\/akademie\/wp-json\/wp\/v2\/media?parent=2487"}],"curies":[{"name":"wp","href":"https:\/\/api.w.org\/{rel}","templated":true}]}}