{"id":2,"date":"2018-05-15T17:49:35","date_gmt":"2018-05-15T15:49:35","guid":{"rendered":"http:\/\/akademie2.jdev.cz\/?page_id=2"},"modified":"2020-11-23T15:06:56","modified_gmt":"2020-11-23T14:06:56","slug":"zkusebni-stranka","status":"publish","type":"page","link":"https:\/\/www.collabim.cz\/akademie\/","title":{"rendered":"Homepage"},"content":{"rendered":"","protected":false},"excerpt":{"rendered":"<p>&#8230; <a class=\"understrap-read-more-link\" href=\"https:\/\/www.collabim.cz\/akademie\/\">Detail&nbsp;\u010dl\u00e1nku&nbsp;&#187;<\/a><\/p>\n","protected":false},"author":1,"featured_media":0,"parent":0,"menu_order":0,"comment_status":"closed","ping_status":"open","template":"page-templates\/homepage.php","meta":[],"acf":[],"yoast_head":"<!-- This site is optimized with the Yoast SEO plugin v16.5 - https:\/\/yoast.com\/wordpress\/plugins\/seo\/ -->\n<title>SEO Akademie - Collabim - V\u0161e, co jste cht\u011bli o SEO v\u011bd\u011bt<\/title>\n<meta name=\"description\" content=\"SEO pro za\u010d\u00e1te\u010dn\u00edky i pokro\u010dil\u00e9. To v\u0161e najdete v na\u0161\u00ed SEO akademii - Collabim. Od title a description po pokro\u010dil\u00e9 Anal\u00fdzy kl\u00ed\u010dov\u00fdch slov.\" \/>\n<meta name=\"robots\" content=\"index, follow, max-snippet:-1, max-image-preview:large, max-video-preview:-1\" \/>\n<link rel=\"canonical\" href=\"https:\/\/www.collabim.cz\/akademie\/\" \/>\n<meta property=\"og:locale\" content=\"cs_CZ\" \/>\n<meta property=\"og:type\" content=\"article\" \/>\n<meta property=\"og:title\" content=\"SEO Akademie - Collabim - V\u0161e, co jste cht\u011bli o SEO v\u011bd\u011bt\" \/>\n<meta property=\"og:description\" content=\"SEO pro za\u010d\u00e1te\u010dn\u00edky i pokro\u010dil\u00e9. To v\u0161e najdete v na\u0161\u00ed SEO akademii - Collabim. Od title a description po pokro\u010dil\u00e9 Anal\u00fdzy kl\u00ed\u010dov\u00fdch slov.\" \/>\n<meta property=\"og:url\" content=\"https:\/\/www.collabim.cz\/akademie\/\" \/>\n<meta property=\"og:site_name\" content=\"SEO Akademie Collabim\" \/>\n<meta property=\"article:modified_time\" content=\"2020-11-23T14:06:56+00:00\" \/>\n<meta property=\"og:image\" content=\"https:\/\/www.collabim.cz\/akademie\/wp-content\/uploads\/2018\/10\/social-image.png\" \/>\n\t<meta property=\"og:image:width\" content=\"800\" \/>\n\t<meta property=\"og:image:height\" content=\"450\" \/>\n<meta name=\"twitter:card\" content=\"summary_large_image\" \/>\n<script type=\"application\/ld+json\" class=\"yoast-schema-graph\">{\"@context\":\"https:\/\/schema.org\",\"@graph\":[{\"@type\":\"WebSite\",\"@id\":\"https:\/\/www.collabim.cz\/akademie\/#website\",\"url\":\"https:\/\/www.collabim.cz\/akademie\/\",\"name\":\"SEO Akademie Collabim\",\"description\":\"V\\u0161e, co jste cht\\u011bli o SEO v\\u011bd\\u011bt\",\"potentialAction\":[{\"@type\":\"SearchAction\",\"target\":\"https:\/\/www.collabim.cz\/akademie\/?s={search_term_string}\",\"query-input\":\"required name=search_term_string\"}],\"inLanguage\":\"cs\"},{\"@type\":\"WebPage\",\"@id\":\"https:\/\/www.collabim.cz\/akademie\/#webpage\",\"url\":\"https:\/\/www.collabim.cz\/akademie\/\",\"name\":\"SEO Akademie - Collabim - V\\u0161e, co jste cht\\u011bli o SEO v\\u011bd\\u011bt\",\"isPartOf\":{\"@id\":\"https:\/\/www.collabim.cz\/akademie\/#website\"},\"datePublished\":\"2018-05-15T15:49:35+00:00\",\"dateModified\":\"2020-11-23T14:06:56+00:00\",\"description\":\"SEO pro za\\u010d\\u00e1te\\u010dn\\u00edky i pokro\\u010dil\\u00e9. To v\\u0161e najdete v na\\u0161\\u00ed SEO akademii - Collabim. Od title a description po pokro\\u010dil\\u00e9 Anal\\u00fdzy kl\\u00ed\\u010dov\\u00fdch slov.\",\"breadcrumb\":{\"@id\":\"https:\/\/www.collabim.cz\/akademie\/#breadcrumb\"},\"inLanguage\":\"cs\",\"potentialAction\":[{\"@type\":\"ReadAction\",\"target\":[\"https:\/\/www.collabim.cz\/akademie\/\"]}]},{\"@type\":\"BreadcrumbList\",\"@id\":\"https:\/\/www.collabim.cz\/akademie\/#breadcrumb\",\"itemListElement\":[{\"@type\":\"ListItem\",\"position\":1,\"name\":\"\\u00davod\",\"item\":\"https:\/\/www.collabim.cz\/akademie\/\"},{\"@type\":\"ListItem\",\"position\":2,\"name\":\"Homepage\"}]}]}<\/script>\n<!-- \/ Yoast SEO plugin. -->","_links":{"self":[{"href":"https:\/\/www.collabim.cz\/akademie\/wp-json\/wp\/v2\/pages\/2"}],"collection":[{"href":"https:\/\/www.collabim.cz\/akademie\/wp-json\/wp\/v2\/pages"}],"about":[{"href":"https:\/\/www.collabim.cz\/akademie\/wp-json\/wp\/v2\/types\/page"}],"author":[{"embeddable":true,"href":"https:\/\/www.collabim.cz\/akademie\/wp-json\/wp\/v2\/users\/1"}],"replies":[{"embeddable":true,"href":"https:\/\/www.collabim.cz\/akademie\/wp-json\/wp\/v2\/comments?post=2"}],"version-history":[{"count":0,"href":"https:\/\/www.collabim.cz\/akademie\/wp-json\/wp\/v2\/pages\/2\/revisions"}],"wp:attachment":[{"href":"https:\/\/www.collabim.cz\/akademie\/wp-json\/wp\/v2\/media?parent=2"}],"curies":[{"name":"wp","href":"https:\/\/api.w.org\/{rel}","templated":true}]}}